{"id":21737,"date":"2024-10-02T16:22:24","date_gmt":"2024-10-02T14:22:24","guid":{"rendered":"https:\/\/wernerdeck.de\/blog\/?page_id=21737"},"modified":"2024-10-08T08:28:19","modified_gmt":"2024-10-08T06:28:19","slug":"werner-deck-war-ein-pionier-1984-erstes-franchise-system-der-branche-gegruendet","status":"publish","type":"page","link":"https:\/\/wernerdeck.de\/blog\/werner-deck-war-ein-pionier-1984-erstes-franchise-system-der-branche-gegruendet\/","title":{"rendered":"Werner Deck war ein Pionier. Er hat 1984 das erste Franchise-System der Branche gegr\u00fcndet. Ein Nachruf \ud83d\ude09 in der Zeitschrift Mappe"},"content":{"rendered":"<blockquote>\n<h2><strong>Werner Deck war ein Pionier,<\/strong><strong><img loading=\"lazy\" decoding=\"async\" class=\"wp-image-2127 alignleft\" src=\"https:\/\/wernerdeck.de\/blog\/wp-content\/uploads\/2022\/10\/Logo-opt.jpg\" alt=\"Logo Opti-Maler-Partner\" width=\"73\" height=\"46\" srcset=\"https:\/\/wernerdeck.de\/blog\/wp-content\/uploads\/2022\/10\/Logo-opt.jpg 693w, https:\/\/wernerdeck.de\/blog\/wp-content\/uploads\/2022\/10\/Logo-opt-300x190.jpg 300w\" sizes=\"auto, (max-width: 73px) 100vw, 73px\" \/><\/strong><\/h2>\n<\/blockquote>\n<p>so die Malerzeitschrift Mappe in ihrer j\u00fcngsten Ausgabe.<\/p>\n<p><img loading=\"lazy\" decoding=\"async\" class=\"wp-image-2127 alignright\" src=\"https:\/\/wernerdeck.de\/blog\/wp-content\/uploads\/2022\/10\/Logo-opt.jpg\" alt=\"Logo Opti-Maler-Partner\" width=\"188\" height=\"119\" srcset=\"https:\/\/wernerdeck.de\/blog\/wp-content\/uploads\/2022\/10\/Logo-opt.jpg 693w, https:\/\/wernerdeck.de\/blog\/wp-content\/uploads\/2022\/10\/Logo-opt-300x190.jpg 300w\" sizes=\"auto, (max-width: 188px) 100vw, 188px\" \/><\/p>\n<blockquote><p><a href=\"https:\/\/wernerdeck.de\/blog\/2024\/10\/07\/googles-ki-gemini-sagt-werner-deck-geboren-1948-ein-pionier-des-malerhandwerks-und-sozial-engagierter-unternehmer\/\" target=\"_blank\" rel=\"noopener\"><b>Werner Deck war ein Pionier.<\/b><\/a><span style=\"font-weight: 400;\"> Der branchenweit bekannte Malermeister aus der N\u00e4he von Karlsruhe hatte nicht nur den 1917 gegr\u00fcndeten Betrieb seiner Familie in die Zukunft gef\u00fchrt, sondern bereits 1984 das wohl erste Franchise-System der Branche gegr\u00fcndet, die Opti-Maler Partner GmbH. In der Spitze geh\u00f6rten dem Verbund, der fr\u00fch im Internet-Marketing aktiv war, \u00fcber 100 selbstst\u00e4ndige Malerbetriebe an.<\/span><\/p><\/blockquote>\n<p><img loading=\"lazy\" decoding=\"async\" class=\" wp-image-19160 alignleft\" src=\"https:\/\/wernerdeck.de\/blog\/wp-content\/uploads\/2024\/08\/Werner-Deck-mit-seiner-Frau-Rita.jpg\" alt=\"Werner Deck mit seiner Frau Rita\" width=\"214\" height=\"265\" srcset=\"https:\/\/wernerdeck.de\/blog\/wp-content\/uploads\/2024\/08\/Werner-Deck-mit-seiner-Frau-Rita.jpg 800w, https:\/\/wernerdeck.de\/blog\/wp-content\/uploads\/2024\/08\/Werner-Deck-mit-seiner-Frau-Rita-243x300.jpg 243w, https:\/\/wernerdeck.de\/blog\/wp-content\/uploads\/2024\/08\/Werner-Deck-mit-seiner-Frau-Rita-768x948.jpg 768w\" sizes=\"auto, (max-width: 214px) 100vw, 214px\" \/>Seit meinem Eintritt in den wohlverdienten Ruhestand genie\u00dfe ich das Leben in vollen Z\u00fcgen. Diese neue Phase des Lebens hat mir Raum f\u00fcr pers\u00f6nliche Entfaltung und neue Interessen geschenkt.<\/p>\n<p>Ich habe mich bewusst von allen meinen fr\u00fcheren beruflich-gesch\u00e4ftlichen Verpflichtungen zur\u00fcckgezogen und deshalb auch keinerlei \u201eDr\u00e4hte\u201c mehr in die Malerbranche.<\/p>\n<p>Die Herausforderungen und Freuden, die mich dabei \u00fcber Jahrzehnte begleitet haben, geh\u00f6ren deshalb der Vergangenheit an. Meine Tage sind nun von anderen, entspannteren Aktivit\u00e4ten gepr\u00e4gt. Ich widme mich meinen Hobbys, genie\u00dfe Zeit mit der Familie und nehme mir Raum f\u00fcr pers\u00f6nliche Reflexion und Entspannung.<\/p>\n<p>F\u00fcr einen kleinen R\u00fcckblick in\/auf die Malerbranche sorgte letzte Woche ein mir pers\u00f6nlich bis dahin unbekannter Malermeisterkollege. Er schickte mir freundlicherweise einen aktuellen Artikel aus der Malerzeitschrift Mappe, Ausgabe 08\/2024, \u201eMehr erreichen im Verbund\u201c.<\/p>\n<p>Dabei geht es um verschiedene Kooperationsmodelle im Malerhandwerk, u. a. auch um <a href=\"https:\/\/wernerdeck.de\/blog\/2021\/07\/29\/top-nachricht-uebernahme-von-opti-maler-partner-durch-die-mhk-group\/\" target=\"_blank\" rel=\"noopener\">das von mir 1984 gegr\u00fcndete Franchise-System Opti-Maler-Partner<\/a>. Das hat mich schon ziemlich \u00fcberrascht. Noch mehr \u00fcberraschte mich der Artikelinhalt. Fast liest es sich, wie ein Nachruf. Einen klammheimlichen \ud83d\ude09 Stolz konnte ich dabei nicht unterdr\u00fccken. \ud83d\ude0a<\/p>\n<p><img loading=\"lazy\" decoding=\"async\" class=\"aligncenter size-full wp-image-19128\" src=\"https:\/\/wernerdeck.de\/blog\/wp-content\/uploads\/2024\/08\/Werner-Deck-war-ein-Pionier-Mappe-08-2024.png\" alt=\"Werner Deck war ein Pionier Mappe 08 2024\" width=\"1200\" height=\"214\" srcset=\"https:\/\/wernerdeck.de\/blog\/wp-content\/uploads\/2024\/08\/Werner-Deck-war-ein-Pionier-Mappe-08-2024.png 1200w, https:\/\/wernerdeck.de\/blog\/wp-content\/uploads\/2024\/08\/Werner-Deck-war-ein-Pionier-Mappe-08-2024-300x54.png 300w, https:\/\/wernerdeck.de\/blog\/wp-content\/uploads\/2024\/08\/Werner-Deck-war-ein-Pionier-Mappe-08-2024-1024x183.png 1024w, https:\/\/wernerdeck.de\/blog\/wp-content\/uploads\/2024\/08\/Werner-Deck-war-ein-Pionier-Mappe-08-2024-768x137.png 768w\" sizes=\"auto, (max-width: 1200px) 100vw, 1200px\" \/><\/p>\n<p><img loading=\"lazy\" decoding=\"async\" class=\" wp-image-19117 alignleft\" src=\"https:\/\/wernerdeck.de\/blog\/wp-content\/uploads\/2024\/08\/Missgunst-und-Neid.png\" alt=\"Missgunst und Neid\" width=\"301\" height=\"292\" srcset=\"https:\/\/wernerdeck.de\/blog\/wp-content\/uploads\/2024\/08\/Missgunst-und-Neid.png 560w, https:\/\/wernerdeck.de\/blog\/wp-content\/uploads\/2024\/08\/Missgunst-und-Neid-300x291.png 300w\" sizes=\"auto, (max-width: 301px) 100vw, 301px\" \/><\/p>\n<p>Selbstverst\u00e4ndlich freue ich mich sehr \u00fcber diese gro\u00dfartige, wenn auch sp\u00e4te, Wertsch\u00e4tzung. <span style=\"font-size: 25px;\">\ud83d\ude0a<\/span><\/p>\n<p>Vor allem freue ich mich deshalb, da mir in der Malerbranche ob meines erfolgreichen Franchise-Systems Opti-Maler-Partner, aber auch wegen <a href=\"https:\/\/www.werner-deck.de\/blog\/ueber-werner-deck.html\" target=\"_blank\" rel=\"noopener\">meiner sonstigen zahlreichen Auszeichnungen als Unternehmer<\/a>, oftmals ein kalter Wind aus Neid und Missgunst entgegenblies.<\/p>\n<p>Jeder erfolgreiche Mensch kennt dieses Ph\u00e4nomen, zumindest in Deutschland.<\/p>\n<p>Hier der Artikel aus der Malerzeitschrift Mappe.<\/p>\n<p><img loading=\"lazy\" decoding=\"async\" class=\"aligncenter size-full wp-image-19145\" src=\"https:\/\/wernerdeck.de\/blog\/wp-content\/uploads\/2024\/08\/Werner-Deck-war-ein-Pionier-Mappe_08_Titel_Verbund-Seite-01.png\" alt=\"Werner Deck war ein Pionier Mappe_08_Titel_Verbund Seite 01\" width=\"1046\" height=\"1660\" srcset=\"https:\/\/wernerdeck.de\/blog\/wp-content\/uploads\/2024\/08\/Werner-Deck-war-ein-Pionier-Mappe_08_Titel_Verbund-Seite-01.png 1046w, https:\/\/wernerdeck.de\/blog\/wp-content\/uploads\/2024\/08\/Werner-Deck-war-ein-Pionier-Mappe_08_Titel_Verbund-Seite-01-189x300.png 189w, https:\/\/wernerdeck.de\/blog\/wp-content\/uploads\/2024\/08\/Werner-Deck-war-ein-Pionier-Mappe_08_Titel_Verbund-Seite-01-645x1024.png 645w, https:\/\/wernerdeck.de\/blog\/wp-content\/uploads\/2024\/08\/Werner-Deck-war-ein-Pionier-Mappe_08_Titel_Verbund-Seite-01-768x1219.png 768w, https:\/\/wernerdeck.de\/blog\/wp-content\/uploads\/2024\/08\/Werner-Deck-war-ein-Pionier-Mappe_08_Titel_Verbund-Seite-01-968x1536.png 968w\" sizes=\"auto, (max-width: 1046px) 100vw, 1046px\" \/><\/p>\n<p><img loading=\"lazy\" decoding=\"async\" class=\"aligncenter size-full wp-image-19147\" src=\"https:\/\/wernerdeck.de\/blog\/wp-content\/uploads\/2024\/08\/Werner-Deck-war-ein-Pionier-Mappe_08_Titel_Verbund-Seite-2.png\" alt=\"Werner Deck war ein Pionier Mappe_08_Titel_Verbund Seite 2\" width=\"1032\" height=\"1288\" srcset=\"https:\/\/wernerdeck.de\/blog\/wp-content\/uploads\/2024\/08\/Werner-Deck-war-ein-Pionier-Mappe_08_Titel_Verbund-Seite-2.png 1032w, https:\/\/wernerdeck.de\/blog\/wp-content\/uploads\/2024\/08\/Werner-Deck-war-ein-Pionier-Mappe_08_Titel_Verbund-Seite-2-240x300.png 240w, https:\/\/wernerdeck.de\/blog\/wp-content\/uploads\/2024\/08\/Werner-Deck-war-ein-Pionier-Mappe_08_Titel_Verbund-Seite-2-820x1024.png 820w, https:\/\/wernerdeck.de\/blog\/wp-content\/uploads\/2024\/08\/Werner-Deck-war-ein-Pionier-Mappe_08_Titel_Verbund-Seite-2-768x959.png 768w\" sizes=\"auto, (max-width: 1032px) 100vw, 1032px\" \/><\/p>\n<p><a href=\"https:\/\/wernerdeck.de\/blog\/wp-content\/uploads\/2024\/08\/Zwei-Seiten-Mappe_08_Titel_Verbund.pdf\" target=\"_blank\" rel=\"noopener\">Die zwei Seiten als Auszug des Artikels k\u00f6nnen Sie sich hier als PDF ansehen und herunterladen.<\/a><\/p>\n<p>Etwas schmunzeln \ud83d\ude0a musste ich \u00fcber die zwei weiteren im Artikel genannten angeblichen \u201ePioniere\u201c der Kooperationsidee, Geyer und Schultze.&nbsp;<span style=\"font-weight: 400;\">&nbsp;<\/span><\/p>\n<p><span style=\"font-weight: 400;\">Schultze f\u00fchrt aus, in den 90er Jahren h\u00e4tte es keine Netzwerke gegeben. Zur Erinnerung: 1984 gr\u00fcndete ich meine Kooperation, das Franchise-System Opti-Maler-Partner. So genau scheint Schultze damals nicht recherchiert zu haben. Geyers Kooperationsidee von 2014 war genauso wenig neu und entstand erst 30 Jahre sp\u00e4ter.<\/span><\/p>\n<p><span style=\"font-weight: 400;\">1986 war ich Gr\u00fcndungsmitglied einer Erfahrungsaustauschgruppe im Malerhandwerk. Geyer stie\u00df 1988 dazu und konnte dort \u00fcber viele Jahre u. a. von meinen Erfahrungen profitieren. <\/span><span style=\"font-weight: 400; font-size: 16px;\">Dazu schrieb Geyer am &nbsp;<time datetime=\"2012-10-29T12:28:00+01:00\">29. Oktober 2012 auf seinem Blog: \u201e<\/time>Durch diese Gruppe habe ich in den bisher 24 Jahren meiner Mitgliedschaft gute Freunde, <strong>innovative Ideen<\/strong> und immer wieder eine besondere Motivation gewonnen.\u201c&nbsp;<\/span><\/p>\n<blockquote>\n<ul>\n<li>2014, System Geyer, 30 Jahre sp\u00e4ter<\/li>\n<li>2016, System Schultze, 32 Jahre sp\u00e4ter<\/li>\n<\/ul>\n<\/blockquote>\n<p><a href=\"https:\/\/www.dwds.de\/wb\/Pionier\" target=\"_blank\" rel=\"noopener\">Das deutsche Wortschatzlexikon von 1600 bis heute, definiert \u201ePionier\u201c so:<\/a><\/p>\n<blockquote>\n<h3>Jemand, der als Erster einer neuen Idee folgt, etwas Neues, Wegbereitendes ausprobiert<\/h3>\n<\/blockquote>\n<p>Das trifft in diesem Zusammenhang weder auf Geyer, noch auf Schultze zu.<\/p>\n<p><a href=\"https:\/\/www.dwds.de\/wb\/Pionier\" target=\"_blank\" rel=\"noopener\"><img loading=\"lazy\" decoding=\"async\" class=\"wp-image-19280 size-full\" src=\"https:\/\/wernerdeck.de\/blog\/wp-content\/uploads\/2024\/08\/deutsches-Wortschatzlexikon-von-1600-bis-heute.jpg\" alt=\"deutsches Wortschatzlexikon von 1600 bis heute\" width=\"1202\" height=\"416\" srcset=\"https:\/\/wernerdeck.de\/blog\/wp-content\/uploads\/2024\/08\/deutsches-Wortschatzlexikon-von-1600-bis-heute.jpg 1202w, https:\/\/wernerdeck.de\/blog\/wp-content\/uploads\/2024\/08\/deutsches-Wortschatzlexikon-von-1600-bis-heute-300x104.jpg 300w, https:\/\/wernerdeck.de\/blog\/wp-content\/uploads\/2024\/08\/deutsches-Wortschatzlexikon-von-1600-bis-heute-1024x354.jpg 1024w, https:\/\/wernerdeck.de\/blog\/wp-content\/uploads\/2024\/08\/deutsches-Wortschatzlexikon-von-1600-bis-heute-768x266.jpg 768w\" sizes=\"auto, (max-width: 1202px) 100vw, 1202px\" \/><\/a><\/p>\n<p>&nbsp;<\/p>\n<p>&nbsp;<\/p>\n<p>&nbsp;<\/p>\n","protected":false},"excerpt":{"rendered":"<p>Werner Deck war ein Pionier, so die Malerzeitschrift Mappe in ihrer j\u00fcngsten Ausgabe. Werner Deck war ein Pionier. Der branchenweit bekannte Malermeister aus der N\u00e4he von Karlsruhe hatte nicht nur den 1917 gegr\u00fcndeten Betrieb seiner Familie in die Zukunft gef\u00fchrt, sondern bereits 1984 das wohl erste Franchise-System der Branche gegr\u00fcndet, die Opti-Maler Partner GmbH. In &#8230; <a title=\"Werner Deck war ein Pionier. Er hat 1984 das erste Franchise-System der Branche gegr\u00fcndet. Ein Nachruf \ud83d\ude09 in der Zeitschrift Mappe\" class=\"read-more\" href=\"https:\/\/wernerdeck.de\/blog\/werner-deck-war-ein-pionier-1984-erstes-franchise-system-der-branche-gegruendet\/\" aria-label=\"Mehr Informationen \u00fcber Werner Deck war ein Pionier. Er hat 1984 das erste Franchise-System der Branche gegr\u00fcndet. Ein Nachruf \ud83d\ude09 in der Zeitschrift Mappe\">Weiterlesen<\/a><\/p>\n","protected":false},"author":1,"featured_media":0,"parent":0,"menu_order":1,"comment_status":"closed","ping_status":"closed","template":"","meta":{"ngg_post_thumbnail":0,"footnotes":""},"class_list":["post-21737","page","type-page","status-publish"],"yoast_head":"<!-- This site is optimized with the Yoast SEO plugin v27.4 - https:\/\/yoast.com\/product\/yoast-seo-wordpress\/ -->\n<title>Werner Deck war ein Pionier. Er hat 1984 das erste Franchise-System der Branche gegr\u00fcndet. Ein Nachruf \ud83d\ude09 in der Zeitschrift Mappe - Privater Blog von Werner Deck<\/title>\n<meta name=\"description\" content=\"Ich mich sehr \u00fcber diese gro\u00dfartige, wenn auch sp\u00e4te, Wertsch\u00e4tzung. Auch deshalb, da mir oft ein kalter Wind aus Neid\/Missgunst entgegenblies\" \/>\n<meta name=\"robots\" content=\"index, follow, max-snippet:-1, max-image-preview:large, max-video-preview:-1\" \/>\n<link rel=\"canonical\" href=\"https:\/\/wernerdeck.de\/blog\/werner-deck-war-ein-pionier-1984-erstes-franchise-system-der-branche-gegruendet\/\" \/>\n<meta property=\"og:locale\" content=\"de_DE\" \/>\n<meta property=\"og:type\" content=\"article\" \/>\n<meta property=\"og:title\" content=\"Werner Deck war ein Pionier. Er hat 1984 das erste Franchise-System der Branche gegr\u00fcndet. Ein Nachruf \ud83d\ude09 in der Zeitschrift Mappe - Privater Blog von Werner Deck\" \/>\n<meta property=\"og:description\" content=\"Ich mich sehr \u00fcber diese gro\u00dfartige, wenn auch sp\u00e4te, Wertsch\u00e4tzung. Auch deshalb, da mir oft ein kalter Wind aus Neid\/Missgunst entgegenblies\" \/>\n<meta property=\"og:url\" content=\"https:\/\/wernerdeck.de\/blog\/werner-deck-war-ein-pionier-1984-erstes-franchise-system-der-branche-gegruendet\/\" \/>\n<meta property=\"og:site_name\" content=\"Privater Blog von Werner Deck\" \/>\n<meta property=\"article:publisher\" content=\"https:\/\/www.facebook.com\/werner.deck\/\" \/>\n<meta property=\"article:modified_time\" content=\"2024-10-08T06:28:19+00:00\" \/>\n<meta property=\"og:image\" content=\"https:\/\/wernerdeck.de\/blog\/wp-content\/uploads\/2022\/10\/Logo-opt.jpg\" \/>\n<meta name=\"twitter:card\" content=\"summary_large_image\" \/>\n<meta name=\"twitter:label1\" content=\"Gesch\u00e4tzte Lesezeit\" \/>\n\t<meta name=\"twitter:data1\" content=\"4\u00a0Minuten\" \/>\n<script type=\"application\/ld+json\" class=\"yoast-schema-graph\">{\"@context\":\"https:\\\/\\\/schema.org\",\"@graph\":[{\"@type\":\"WebPage\",\"@id\":\"https:\\\/\\\/wernerdeck.de\\\/blog\\\/werner-deck-war-ein-pionier-1984-erstes-franchise-system-der-branche-gegruendet\\\/\",\"url\":\"https:\\\/\\\/wernerdeck.de\\\/blog\\\/werner-deck-war-ein-pionier-1984-erstes-franchise-system-der-branche-gegruendet\\\/\",\"name\":\"Werner Deck war ein Pionier. Er hat 1984 das erste Franchise-System der Branche gegr\u00fcndet. Ein Nachruf \ud83d\ude09 in der Zeitschrift Mappe - Privater Blog von Werner Deck\",\"isPartOf\":{\"@id\":\"https:\\\/\\\/wernerdeck.de\\\/blog\\\/#website\"},\"primaryImageOfPage\":{\"@id\":\"https:\\\/\\\/wernerdeck.de\\\/blog\\\/werner-deck-war-ein-pionier-1984-erstes-franchise-system-der-branche-gegruendet\\\/#primaryimage\"},\"image\":{\"@id\":\"https:\\\/\\\/wernerdeck.de\\\/blog\\\/werner-deck-war-ein-pionier-1984-erstes-franchise-system-der-branche-gegruendet\\\/#primaryimage\"},\"thumbnailUrl\":\"https:\\\/\\\/wernerdeck.de\\\/blog\\\/wp-content\\\/uploads\\\/2022\\\/10\\\/Logo-opt.jpg\",\"datePublished\":\"2024-10-02T14:22:24+00:00\",\"dateModified\":\"2024-10-08T06:28:19+00:00\",\"description\":\"Ich mich sehr \u00fcber diese gro\u00dfartige, wenn auch sp\u00e4te, Wertsch\u00e4tzung. Auch deshalb, da mir oft ein kalter Wind aus Neid\\\/Missgunst entgegenblies\",\"breadcrumb\":{\"@id\":\"https:\\\/\\\/wernerdeck.de\\\/blog\\\/werner-deck-war-ein-pionier-1984-erstes-franchise-system-der-branche-gegruendet\\\/#breadcrumb\"},\"inLanguage\":\"de\",\"potentialAction\":[{\"@type\":\"ReadAction\",\"target\":[\"https:\\\/\\\/wernerdeck.de\\\/blog\\\/werner-deck-war-ein-pionier-1984-erstes-franchise-system-der-branche-gegruendet\\\/\"]}]},{\"@type\":\"ImageObject\",\"inLanguage\":\"de\",\"@id\":\"https:\\\/\\\/wernerdeck.de\\\/blog\\\/werner-deck-war-ein-pionier-1984-erstes-franchise-system-der-branche-gegruendet\\\/#primaryimage\",\"url\":\"https:\\\/\\\/wernerdeck.de\\\/blog\\\/wp-content\\\/uploads\\\/2022\\\/10\\\/Logo-opt.jpg\",\"contentUrl\":\"https:\\\/\\\/wernerdeck.de\\\/blog\\\/wp-content\\\/uploads\\\/2022\\\/10\\\/Logo-opt.jpg\",\"width\":693,\"height\":439,\"caption\":\"Logo Opti-Maler-Partner\"},{\"@type\":\"BreadcrumbList\",\"@id\":\"https:\\\/\\\/wernerdeck.de\\\/blog\\\/werner-deck-war-ein-pionier-1984-erstes-franchise-system-der-branche-gegruendet\\\/#breadcrumb\",\"itemListElement\":[{\"@type\":\"ListItem\",\"position\":1,\"name\":\"Startseite\",\"item\":\"https:\\\/\\\/wernerdeck.de\\\/blog\\\/\"},{\"@type\":\"ListItem\",\"position\":2,\"name\":\"Werner Deck war ein Pionier. Er hat 1984 das erste Franchise-System der Branche gegr\u00fcndet. Ein Nachruf \ud83d\ude09 in der Zeitschrift Mappe\"}]},{\"@type\":\"WebSite\",\"@id\":\"https:\\\/\\\/wernerdeck.de\\\/blog\\\/#website\",\"url\":\"https:\\\/\\\/wernerdeck.de\\\/blog\\\/\",\"name\":\"Blog von Werner Deck\",\"description\":\"\",\"publisher\":{\"@id\":\"https:\\\/\\\/wernerdeck.de\\\/blog\\\/#\\\/schema\\\/person\\\/7af62de1f11b0a09297eeb81281e523c\"},\"potentialAction\":[{\"@type\":\"SearchAction\",\"target\":{\"@type\":\"EntryPoint\",\"urlTemplate\":\"https:\\\/\\\/wernerdeck.de\\\/blog\\\/?s={search_term_string}\"},\"query-input\":{\"@type\":\"PropertyValueSpecification\",\"valueRequired\":true,\"valueName\":\"search_term_string\"}}],\"inLanguage\":\"de\"},{\"@type\":[\"Person\",\"Organization\"],\"@id\":\"https:\\\/\\\/wernerdeck.de\\\/blog\\\/#\\\/schema\\\/person\\\/7af62de1f11b0a09297eeb81281e523c\",\"name\":\"Werner Deck\",\"image\":{\"@type\":\"ImageObject\",\"inLanguage\":\"de\",\"@id\":\"https:\\\/\\\/wernerdeck.de\\\/blog\\\/wp-content\\\/uploads\\\/2022\\\/05\\\/Werner-Deck-995x1024.jpg\",\"url\":\"https:\\\/\\\/wernerdeck.de\\\/blog\\\/wp-content\\\/uploads\\\/2022\\\/05\\\/Werner-Deck-995x1024.jpg\",\"contentUrl\":\"https:\\\/\\\/wernerdeck.de\\\/blog\\\/wp-content\\\/uploads\\\/2022\\\/05\\\/Werner-Deck-995x1024.jpg\",\"width\":995,\"height\":1024,\"caption\":\"Werner Deck\"},\"logo\":{\"@id\":\"https:\\\/\\\/wernerdeck.de\\\/blog\\\/wp-content\\\/uploads\\\/2022\\\/05\\\/Werner-Deck-995x1024.jpg\"},\"sameAs\":[\"https:\\\/\\\/wernerdeck.de\\\/blog\",\"https:\\\/\\\/www.facebook.com\\\/werner.deck\\\/\",\"https:\\\/\\\/www.instagram.com\\\/opti_maler_deck\\\/\",\"https:\\\/\\\/www.youtube.com\\\/c\\\/WernerDeck\"]}]}<\/script>\n<!-- \/ Yoast SEO plugin. -->","yoast_head_json":{"title":"Werner Deck war ein Pionier. Er hat 1984 das erste Franchise-System der Branche gegr\u00fcndet. Ein Nachruf \ud83d\ude09 in der Zeitschrift Mappe - Privater Blog von Werner Deck","description":"Ich mich sehr \u00fcber diese gro\u00dfartige, wenn auch sp\u00e4te, Wertsch\u00e4tzung. Auch deshalb, da mir oft ein kalter Wind aus Neid\/Missgunst entgegenblies","robots":{"index":"index","follow":"follow","max-snippet":"max-snippet:-1","max-image-preview":"max-image-preview:large","max-video-preview":"max-video-preview:-1"},"canonical":"https:\/\/wernerdeck.de\/blog\/werner-deck-war-ein-pionier-1984-erstes-franchise-system-der-branche-gegruendet\/","og_locale":"de_DE","og_type":"article","og_title":"Werner Deck war ein Pionier. Er hat 1984 das erste Franchise-System der Branche gegr\u00fcndet. Ein Nachruf \ud83d\ude09 in der Zeitschrift Mappe - Privater Blog von Werner Deck","og_description":"Ich mich sehr \u00fcber diese gro\u00dfartige, wenn auch sp\u00e4te, Wertsch\u00e4tzung. Auch deshalb, da mir oft ein kalter Wind aus Neid\/Missgunst entgegenblies","og_url":"https:\/\/wernerdeck.de\/blog\/werner-deck-war-ein-pionier-1984-erstes-franchise-system-der-branche-gegruendet\/","og_site_name":"Privater Blog von Werner Deck","article_publisher":"https:\/\/www.facebook.com\/werner.deck\/","article_modified_time":"2024-10-08T06:28:19+00:00","og_image":[{"url":"https:\/\/wernerdeck.de\/blog\/wp-content\/uploads\/2022\/10\/Logo-opt.jpg","type":"","width":"","height":""}],"twitter_card":"summary_large_image","twitter_misc":{"Gesch\u00e4tzte Lesezeit":"4\u00a0Minuten"},"schema":{"@context":"https:\/\/schema.org","@graph":[{"@type":"WebPage","@id":"https:\/\/wernerdeck.de\/blog\/werner-deck-war-ein-pionier-1984-erstes-franchise-system-der-branche-gegruendet\/","url":"https:\/\/wernerdeck.de\/blog\/werner-deck-war-ein-pionier-1984-erstes-franchise-system-der-branche-gegruendet\/","name":"Werner Deck war ein Pionier. Er hat 1984 das erste Franchise-System der Branche gegr\u00fcndet. Ein Nachruf \ud83d\ude09 in der Zeitschrift Mappe - Privater Blog von Werner Deck","isPartOf":{"@id":"https:\/\/wernerdeck.de\/blog\/#website"},"primaryImageOfPage":{"@id":"https:\/\/wernerdeck.de\/blog\/werner-deck-war-ein-pionier-1984-erstes-franchise-system-der-branche-gegruendet\/#primaryimage"},"image":{"@id":"https:\/\/wernerdeck.de\/blog\/werner-deck-war-ein-pionier-1984-erstes-franchise-system-der-branche-gegruendet\/#primaryimage"},"thumbnailUrl":"https:\/\/wernerdeck.de\/blog\/wp-content\/uploads\/2022\/10\/Logo-opt.jpg","datePublished":"2024-10-02T14:22:24+00:00","dateModified":"2024-10-08T06:28:19+00:00","description":"Ich mich sehr \u00fcber diese gro\u00dfartige, wenn auch sp\u00e4te, Wertsch\u00e4tzung. Auch deshalb, da mir oft ein kalter Wind aus Neid\/Missgunst entgegenblies","breadcrumb":{"@id":"https:\/\/wernerdeck.de\/blog\/werner-deck-war-ein-pionier-1984-erstes-franchise-system-der-branche-gegruendet\/#breadcrumb"},"inLanguage":"de","potentialAction":[{"@type":"ReadAction","target":["https:\/\/wernerdeck.de\/blog\/werner-deck-war-ein-pionier-1984-erstes-franchise-system-der-branche-gegruendet\/"]}]},{"@type":"ImageObject","inLanguage":"de","@id":"https:\/\/wernerdeck.de\/blog\/werner-deck-war-ein-pionier-1984-erstes-franchise-system-der-branche-gegruendet\/#primaryimage","url":"https:\/\/wernerdeck.de\/blog\/wp-content\/uploads\/2022\/10\/Logo-opt.jpg","contentUrl":"https:\/\/wernerdeck.de\/blog\/wp-content\/uploads\/2022\/10\/Logo-opt.jpg","width":693,"height":439,"caption":"Logo Opti-Maler-Partner"},{"@type":"BreadcrumbList","@id":"https:\/\/wernerdeck.de\/blog\/werner-deck-war-ein-pionier-1984-erstes-franchise-system-der-branche-gegruendet\/#breadcrumb","itemListElement":[{"@type":"ListItem","position":1,"name":"Startseite","item":"https:\/\/wernerdeck.de\/blog\/"},{"@type":"ListItem","position":2,"name":"Werner Deck war ein Pionier. Er hat 1984 das erste Franchise-System der Branche gegr\u00fcndet. Ein Nachruf \ud83d\ude09 in der Zeitschrift Mappe"}]},{"@type":"WebSite","@id":"https:\/\/wernerdeck.de\/blog\/#website","url":"https:\/\/wernerdeck.de\/blog\/","name":"Blog von Werner Deck","description":"","publisher":{"@id":"https:\/\/wernerdeck.de\/blog\/#\/schema\/person\/7af62de1f11b0a09297eeb81281e523c"},"potentialAction":[{"@type":"SearchAction","target":{"@type":"EntryPoint","urlTemplate":"https:\/\/wernerdeck.de\/blog\/?s={search_term_string}"},"query-input":{"@type":"PropertyValueSpecification","valueRequired":true,"valueName":"search_term_string"}}],"inLanguage":"de"},{"@type":["Person","Organization"],"@id":"https:\/\/wernerdeck.de\/blog\/#\/schema\/person\/7af62de1f11b0a09297eeb81281e523c","name":"Werner Deck","image":{"@type":"ImageObject","inLanguage":"de","@id":"https:\/\/wernerdeck.de\/blog\/wp-content\/uploads\/2022\/05\/Werner-Deck-995x1024.jpg","url":"https:\/\/wernerdeck.de\/blog\/wp-content\/uploads\/2022\/05\/Werner-Deck-995x1024.jpg","contentUrl":"https:\/\/wernerdeck.de\/blog\/wp-content\/uploads\/2022\/05\/Werner-Deck-995x1024.jpg","width":995,"height":1024,"caption":"Werner Deck"},"logo":{"@id":"https:\/\/wernerdeck.de\/blog\/wp-content\/uploads\/2022\/05\/Werner-Deck-995x1024.jpg"},"sameAs":["https:\/\/wernerdeck.de\/blog","https:\/\/www.facebook.com\/werner.deck\/","https:\/\/www.instagram.com\/opti_maler_deck\/","https:\/\/www.youtube.com\/c\/WernerDeck"]}]}},"_links":{"self":[{"href":"https:\/\/wernerdeck.de\/blog\/wp-json\/wp\/v2\/pages\/21737","targetHints":{"allow":["GET"]}}],"collection":[{"href":"https:\/\/wernerdeck.de\/blog\/wp-json\/wp\/v2\/pages"}],"about":[{"href":"https:\/\/wernerdeck.de\/blog\/wp-json\/wp\/v2\/types\/page"}],"author":[{"embeddable":true,"href":"https:\/\/wernerdeck.de\/blog\/wp-json\/wp\/v2\/users\/1"}],"replies":[{"embeddable":true,"href":"https:\/\/wernerdeck.de\/blog\/wp-json\/wp\/v2\/comments?post=21737"}],"version-history":[{"count":0,"href":"https:\/\/wernerdeck.de\/blog\/wp-json\/wp\/v2\/pages\/21737\/revisions"}],"wp:attachment":[{"href":"https:\/\/wernerdeck.de\/blog\/wp-json\/wp\/v2\/media?parent=21737"}],"curies":[{"name":"wp","href":"https:\/\/api.w.org\/{rel}","templated":true}]}}