{"id":135,"date":"2021-08-15T22:40:06","date_gmt":"2021-08-15T20:40:06","guid":{"rendered":"https:\/\/wernerdeck.de\/blog\/?page_id=135"},"modified":"2024-10-02T16:31:27","modified_gmt":"2024-10-02T14:31:27","slug":"kommentarregeln","status":"publish","type":"page","link":"https:\/\/wernerdeck.de\/blog\/kommentarregeln\/","title":{"rendered":"Kommentarregeln"},"content":{"rendered":"<p><strong>Wichtiger Hinweis:<\/strong> Kommentare im Blog erscheinen erst nach Freischaltung. Da wir nicht rund um die Uhr arbeiten, kann es mitunter etwas dauern, bis auch Ihr Kommentar zu sehen ist. Bitte haben Sie daf\u00fcr Verst\u00e4ndnis. Danke.<\/p>\n<p><img loading=\"lazy\" decoding=\"async\" class=\"size-medium wp-image-137 alignleft\" src=\"https:\/\/wernerdeck.de\/blog\/wp-content\/uploads\/2021\/08\/Blog-Kommentarregeln-Werner-Deck-300x200.jpg\" alt=\"Person am Laptop\" width=\"300\" height=\"200\" srcset=\"https:\/\/wernerdeck.de\/blog\/wp-content\/uploads\/2021\/08\/Blog-Kommentarregeln-Werner-Deck-300x200.jpg 300w, https:\/\/wernerdeck.de\/blog\/wp-content\/uploads\/2021\/08\/Blog-Kommentarregeln-Werner-Deck-768x512.jpg 768w, https:\/\/wernerdeck.de\/blog\/wp-content\/uploads\/2021\/08\/Blog-Kommentarregeln-Werner-Deck-330x220.jpg 330w, https:\/\/wernerdeck.de\/blog\/wp-content\/uploads\/2021\/08\/Blog-Kommentarregeln-Werner-Deck.jpg 800w\" sizes=\"auto, (max-width: 300px) 100vw, 300px\" \/>Die Blog-Kommentarfunktion soll eine sachliche Diskussion erm\u00f6glichen. Um dies zu gew\u00e4hrleisten, behalten wir uns vor, Beitr\u00e4ge nicht zu ver\u00f6ffentlichen, die einer sachlichen Diskussion nicht f\u00f6rderlich sind. Bitte sehen Sie davon ab, Beitr\u00e4ge die von der Moderation nicht freigeschaltet wurden, erneut zu senden.<strong> Es besteht kein Anspruch auf Ver\u00f6ffentlichung.<\/strong><\/p>\n<p>Behandeln Sie andere Nutzer so, wie Sie selbst behandelt werden m\u00f6chten. Denken Sie immer daran, dass Sie es mit Menschen und nicht mit virtuellen Pers\u00f6nlichkeiten zu tun haben. Jeder hat das Recht auf seine eigene Meinung. Versuchen Sie deshalb nie, Ihre Meinung anderen aufzuzwingen.<\/p>\n<p><strong>Grunds\u00e4tzlich nicht erlaubt sind:<\/strong><\/p>\n<ul>\n<li>Anonyme Beitr\u00e4ge, ohne Klarnamen des Autors<\/li>\n<li>Der Missbrauch der Kommentarfunktion als Werbefl\u00e4che f\u00fcr Webseiten oder Dienste (Spamming)<\/li>\n<li>Das kommerzielle oder private Anbieten von Waren oder Dienstleistungen<\/li>\n<li>Wahl- und Parteienwerbung aller Art<\/li>\n<li>Rassismus und Hasspropaganda<\/li>\n<li>Pornografie und Obsz\u00f6nit\u00e4ten<\/li>\n<li>Aufforderungen zu Gewalt gegen Personen, Institutionen oder Unternehmen<\/li>\n<li>Beleidigungen, Entw\u00fcrdigungen und Verunglimpfungen von Personen in jeglicher Form<\/li>\n<li>Verletzungen von Rechten Dritter (Personen, Institutionen, Organisationen, Unternehmen)<\/li>\n<li>Aufrufe zu Kampagnen, Demonstrationen und Kundgebungen jeglicher politischer Richtung<\/li>\n<li>Fremdsprachige Beitr\u00e4ge (gilt auch f\u00fcr Zitate)<\/li>\n<li>Zitate ohne die Angabe einer Quelle bzw. des Urhebers<\/li>\n<li>Beitr\u00e4ge, die von den thematischen Vorgaben im Blog abweichen<\/li>\n<li>Mehrteilige Beitr\u00e4ge und Doppeleintr\u00e4ge<\/li>\n<li>Einstellen von Beitr\u00e4gen und Kommentaren aus anderen Foren und Blogs<\/li>\n<li>Die Ver\u00f6ffentlichung von Anschriften, E-Mail-Adressen und Telefonnummern<\/li>\n<\/ul>\n<p>Diese genannten Regeln gelten auch f\u00fcr die Verwendung von Benutzernamen.<\/p>\n<p>Wir behalten uns das Recht vor, Beitr\u00e4ge und Kommentare zu l\u00f6schen, zu bearbeiten, zu verschieben oder zu schlie\u00dfen. Eine Diskussion \u00fcber gel\u00f6schte Kommentare findet nicht statt.<\/p>\n<p>Jeder Nutzer ist f\u00fcr die von ihm publizierten Beitr\u00e4ge selbst verantwortlich.<\/p>\n<p>Inhaltliche \u00c4nderungen und Erg\u00e4nzungen dieser Richtlinien behalten wir uns vor.<\/p>\n","protected":false},"excerpt":{"rendered":"<p>Wichtiger Hinweis: Kommentare im Blog erscheinen erst nach Freischaltung. Da wir nicht rund um die Uhr arbeiten, kann es mitunter etwas dauern, bis auch Ihr Kommentar zu sehen ist. Bitte haben Sie daf\u00fcr Verst\u00e4ndnis. Danke. Die Blog-Kommentarfunktion soll eine sachliche Diskussion erm\u00f6glichen. Um dies zu gew\u00e4hrleisten, behalten wir uns vor, Beitr\u00e4ge nicht zu ver\u00f6ffentlichen, die &#8230; <a title=\"Kommentarregeln\" class=\"read-more\" href=\"https:\/\/wernerdeck.de\/blog\/kommentarregeln\/\" aria-label=\"Mehr Informationen \u00fcber Kommentarregeln\">Weiterlesen<\/a><\/p>\n","protected":false},"author":1,"featured_media":0,"parent":0,"menu_order":2,"comment_status":"closed","ping_status":"closed","template":"page-fullwidth.php","meta":{"ngg_post_thumbnail":0,"footnotes":""},"class_list":["post-135","page","type-page","status-publish"],"yoast_head":"<!-- This site is optimized with the Yoast SEO plugin v27.4 - https:\/\/yoast.com\/product\/yoast-seo-wordpress\/ -->\n<title>Kommentarregeln - Privater Blog von Werner Deck<\/title>\n<meta name=\"robots\" content=\"index, follow, max-snippet:-1, max-image-preview:large, max-video-preview:-1\" \/>\n<link rel=\"canonical\" href=\"https:\/\/wernerdeck.de\/blog\/kommentarregeln\/\" \/>\n<meta property=\"og:locale\" content=\"de_DE\" \/>\n<meta property=\"og:type\" content=\"article\" \/>\n<meta property=\"og:title\" content=\"Kommentarregeln - Privater Blog von Werner Deck\" \/>\n<meta property=\"og:description\" content=\"Wichtiger Hinweis: Kommentare im Blog erscheinen erst nach Freischaltung. Da wir nicht rund um die Uhr arbeiten, kann es mitunter etwas dauern, bis auch Ihr Kommentar zu sehen ist. Bitte haben Sie daf\u00fcr Verst\u00e4ndnis. Danke. Die Blog-Kommentarfunktion soll eine sachliche Diskussion erm\u00f6glichen. Um dies zu gew\u00e4hrleisten, behalten wir uns vor, Beitr\u00e4ge nicht zu ver\u00f6ffentlichen, die ... Weiterlesen\" \/>\n<meta property=\"og:url\" content=\"https:\/\/wernerdeck.de\/blog\/kommentarregeln\/\" \/>\n<meta property=\"og:site_name\" content=\"Privater Blog von Werner Deck\" \/>\n<meta property=\"article:publisher\" content=\"https:\/\/www.facebook.com\/werner.deck\/\" \/>\n<meta property=\"article:modified_time\" content=\"2024-10-02T14:31:27+00:00\" \/>\n<meta property=\"og:image\" content=\"https:\/\/wernerdeck.de\/blog\/wp-content\/uploads\/2021\/08\/Blog-Kommentarregeln-Werner-Deck-300x200.jpg\" \/>\n<meta name=\"twitter:card\" content=\"summary_large_image\" \/>\n<meta name=\"twitter:label1\" content=\"Gesch\u00e4tzte Lesezeit\" \/>\n\t<meta name=\"twitter:data1\" content=\"2\u00a0Minuten\" \/>\n<script type=\"application\/ld+json\" class=\"yoast-schema-graph\">{\"@context\":\"https:\\\/\\\/schema.org\",\"@graph\":[{\"@type\":\"WebPage\",\"@id\":\"https:\\\/\\\/wernerdeck.de\\\/blog\\\/kommentarregeln\\\/\",\"url\":\"https:\\\/\\\/wernerdeck.de\\\/blog\\\/kommentarregeln\\\/\",\"name\":\"Kommentarregeln - Privater Blog von Werner Deck\",\"isPartOf\":{\"@id\":\"https:\\\/\\\/wernerdeck.de\\\/blog\\\/#website\"},\"primaryImageOfPage\":{\"@id\":\"https:\\\/\\\/wernerdeck.de\\\/blog\\\/kommentarregeln\\\/#primaryimage\"},\"image\":{\"@id\":\"https:\\\/\\\/wernerdeck.de\\\/blog\\\/kommentarregeln\\\/#primaryimage\"},\"thumbnailUrl\":\"https:\\\/\\\/wernerdeck.de\\\/blog\\\/wp-content\\\/uploads\\\/2021\\\/08\\\/Blog-Kommentarregeln-Werner-Deck-300x200.jpg\",\"datePublished\":\"2021-08-15T20:40:06+00:00\",\"dateModified\":\"2024-10-02T14:31:27+00:00\",\"breadcrumb\":{\"@id\":\"https:\\\/\\\/wernerdeck.de\\\/blog\\\/kommentarregeln\\\/#breadcrumb\"},\"inLanguage\":\"de\",\"potentialAction\":[{\"@type\":\"ReadAction\",\"target\":[\"https:\\\/\\\/wernerdeck.de\\\/blog\\\/kommentarregeln\\\/\"]}]},{\"@type\":\"ImageObject\",\"inLanguage\":\"de\",\"@id\":\"https:\\\/\\\/wernerdeck.de\\\/blog\\\/kommentarregeln\\\/#primaryimage\",\"url\":\"https:\\\/\\\/wernerdeck.de\\\/blog\\\/wp-content\\\/uploads\\\/2021\\\/08\\\/Blog-Kommentarregeln-Werner-Deck.jpg\",\"contentUrl\":\"https:\\\/\\\/wernerdeck.de\\\/blog\\\/wp-content\\\/uploads\\\/2021\\\/08\\\/Blog-Kommentarregeln-Werner-Deck.jpg\",\"width\":800,\"height\":533,\"caption\":\"Person am Laptop\"},{\"@type\":\"BreadcrumbList\",\"@id\":\"https:\\\/\\\/wernerdeck.de\\\/blog\\\/kommentarregeln\\\/#breadcrumb\",\"itemListElement\":[{\"@type\":\"ListItem\",\"position\":1,\"name\":\"Startseite\",\"item\":\"https:\\\/\\\/wernerdeck.de\\\/blog\\\/\"},{\"@type\":\"ListItem\",\"position\":2,\"name\":\"Kommentarregeln\"}]},{\"@type\":\"WebSite\",\"@id\":\"https:\\\/\\\/wernerdeck.de\\\/blog\\\/#website\",\"url\":\"https:\\\/\\\/wernerdeck.de\\\/blog\\\/\",\"name\":\"Blog von Werner Deck\",\"description\":\"\",\"publisher\":{\"@id\":\"https:\\\/\\\/wernerdeck.de\\\/blog\\\/#\\\/schema\\\/person\\\/7af62de1f11b0a09297eeb81281e523c\"},\"potentialAction\":[{\"@type\":\"SearchAction\",\"target\":{\"@type\":\"EntryPoint\",\"urlTemplate\":\"https:\\\/\\\/wernerdeck.de\\\/blog\\\/?s={search_term_string}\"},\"query-input\":{\"@type\":\"PropertyValueSpecification\",\"valueRequired\":true,\"valueName\":\"search_term_string\"}}],\"inLanguage\":\"de\"},{\"@type\":[\"Person\",\"Organization\"],\"@id\":\"https:\\\/\\\/wernerdeck.de\\\/blog\\\/#\\\/schema\\\/person\\\/7af62de1f11b0a09297eeb81281e523c\",\"name\":\"Werner Deck\",\"image\":{\"@type\":\"ImageObject\",\"inLanguage\":\"de\",\"@id\":\"https:\\\/\\\/wernerdeck.de\\\/blog\\\/wp-content\\\/uploads\\\/2022\\\/05\\\/Werner-Deck-995x1024.jpg\",\"url\":\"https:\\\/\\\/wernerdeck.de\\\/blog\\\/wp-content\\\/uploads\\\/2022\\\/05\\\/Werner-Deck-995x1024.jpg\",\"contentUrl\":\"https:\\\/\\\/wernerdeck.de\\\/blog\\\/wp-content\\\/uploads\\\/2022\\\/05\\\/Werner-Deck-995x1024.jpg\",\"width\":995,\"height\":1024,\"caption\":\"Werner Deck\"},\"logo\":{\"@id\":\"https:\\\/\\\/wernerdeck.de\\\/blog\\\/wp-content\\\/uploads\\\/2022\\\/05\\\/Werner-Deck-995x1024.jpg\"},\"sameAs\":[\"https:\\\/\\\/wernerdeck.de\\\/blog\",\"https:\\\/\\\/www.facebook.com\\\/werner.deck\\\/\",\"https:\\\/\\\/www.instagram.com\\\/opti_maler_deck\\\/\",\"https:\\\/\\\/www.youtube.com\\\/c\\\/WernerDeck\"]}]}<\/script>\n<!-- \/ Yoast SEO plugin. -->","yoast_head_json":{"title":"Kommentarregeln - Privater Blog von Werner Deck","robots":{"index":"index","follow":"follow","max-snippet":"max-snippet:-1","max-image-preview":"max-image-preview:large","max-video-preview":"max-video-preview:-1"},"canonical":"https:\/\/wernerdeck.de\/blog\/kommentarregeln\/","og_locale":"de_DE","og_type":"article","og_title":"Kommentarregeln - Privater Blog von Werner Deck","og_description":"Wichtiger Hinweis: Kommentare im Blog erscheinen erst nach Freischaltung. Da wir nicht rund um die Uhr arbeiten, kann es mitunter etwas dauern, bis auch Ihr Kommentar zu sehen ist. Bitte haben Sie daf\u00fcr Verst\u00e4ndnis. Danke. Die Blog-Kommentarfunktion soll eine sachliche Diskussion erm\u00f6glichen. Um dies zu gew\u00e4hrleisten, behalten wir uns vor, Beitr\u00e4ge nicht zu ver\u00f6ffentlichen, die ... Weiterlesen","og_url":"https:\/\/wernerdeck.de\/blog\/kommentarregeln\/","og_site_name":"Privater Blog von Werner Deck","article_publisher":"https:\/\/www.facebook.com\/werner.deck\/","article_modified_time":"2024-10-02T14:31:27+00:00","og_image":[{"url":"https:\/\/wernerdeck.de\/blog\/wp-content\/uploads\/2021\/08\/Blog-Kommentarregeln-Werner-Deck-300x200.jpg","type":"","width":"","height":""}],"twitter_card":"summary_large_image","twitter_misc":{"Gesch\u00e4tzte Lesezeit":"2\u00a0Minuten"},"schema":{"@context":"https:\/\/schema.org","@graph":[{"@type":"WebPage","@id":"https:\/\/wernerdeck.de\/blog\/kommentarregeln\/","url":"https:\/\/wernerdeck.de\/blog\/kommentarregeln\/","name":"Kommentarregeln - Privater Blog von Werner Deck","isPartOf":{"@id":"https:\/\/wernerdeck.de\/blog\/#website"},"primaryImageOfPage":{"@id":"https:\/\/wernerdeck.de\/blog\/kommentarregeln\/#primaryimage"},"image":{"@id":"https:\/\/wernerdeck.de\/blog\/kommentarregeln\/#primaryimage"},"thumbnailUrl":"https:\/\/wernerdeck.de\/blog\/wp-content\/uploads\/2021\/08\/Blog-Kommentarregeln-Werner-Deck-300x200.jpg","datePublished":"2021-08-15T20:40:06+00:00","dateModified":"2024-10-02T14:31:27+00:00","breadcrumb":{"@id":"https:\/\/wernerdeck.de\/blog\/kommentarregeln\/#breadcrumb"},"inLanguage":"de","potentialAction":[{"@type":"ReadAction","target":["https:\/\/wernerdeck.de\/blog\/kommentarregeln\/"]}]},{"@type":"ImageObject","inLanguage":"de","@id":"https:\/\/wernerdeck.de\/blog\/kommentarregeln\/#primaryimage","url":"https:\/\/wernerdeck.de\/blog\/wp-content\/uploads\/2021\/08\/Blog-Kommentarregeln-Werner-Deck.jpg","contentUrl":"https:\/\/wernerdeck.de\/blog\/wp-content\/uploads\/2021\/08\/Blog-Kommentarregeln-Werner-Deck.jpg","width":800,"height":533,"caption":"Person am Laptop"},{"@type":"BreadcrumbList","@id":"https:\/\/wernerdeck.de\/blog\/kommentarregeln\/#breadcrumb","itemListElement":[{"@type":"ListItem","position":1,"name":"Startseite","item":"https:\/\/wernerdeck.de\/blog\/"},{"@type":"ListItem","position":2,"name":"Kommentarregeln"}]},{"@type":"WebSite","@id":"https:\/\/wernerdeck.de\/blog\/#website","url":"https:\/\/wernerdeck.de\/blog\/","name":"Blog von Werner Deck","description":"","publisher":{"@id":"https:\/\/wernerdeck.de\/blog\/#\/schema\/person\/7af62de1f11b0a09297eeb81281e523c"},"potentialAction":[{"@type":"SearchAction","target":{"@type":"EntryPoint","urlTemplate":"https:\/\/wernerdeck.de\/blog\/?s={search_term_string}"},"query-input":{"@type":"PropertyValueSpecification","valueRequired":true,"valueName":"search_term_string"}}],"inLanguage":"de"},{"@type":["Person","Organization"],"@id":"https:\/\/wernerdeck.de\/blog\/#\/schema\/person\/7af62de1f11b0a09297eeb81281e523c","name":"Werner Deck","image":{"@type":"ImageObject","inLanguage":"de","@id":"https:\/\/wernerdeck.de\/blog\/wp-content\/uploads\/2022\/05\/Werner-Deck-995x1024.jpg","url":"https:\/\/wernerdeck.de\/blog\/wp-content\/uploads\/2022\/05\/Werner-Deck-995x1024.jpg","contentUrl":"https:\/\/wernerdeck.de\/blog\/wp-content\/uploads\/2022\/05\/Werner-Deck-995x1024.jpg","width":995,"height":1024,"caption":"Werner Deck"},"logo":{"@id":"https:\/\/wernerdeck.de\/blog\/wp-content\/uploads\/2022\/05\/Werner-Deck-995x1024.jpg"},"sameAs":["https:\/\/wernerdeck.de\/blog","https:\/\/www.facebook.com\/werner.deck\/","https:\/\/www.instagram.com\/opti_maler_deck\/","https:\/\/www.youtube.com\/c\/WernerDeck"]}]}},"_links":{"self":[{"href":"https:\/\/wernerdeck.de\/blog\/wp-json\/wp\/v2\/pages\/135","targetHints":{"allow":["GET"]}}],"collection":[{"href":"https:\/\/wernerdeck.de\/blog\/wp-json\/wp\/v2\/pages"}],"about":[{"href":"https:\/\/wernerdeck.de\/blog\/wp-json\/wp\/v2\/types\/page"}],"author":[{"embeddable":true,"href":"https:\/\/wernerdeck.de\/blog\/wp-json\/wp\/v2\/users\/1"}],"replies":[{"embeddable":true,"href":"https:\/\/wernerdeck.de\/blog\/wp-json\/wp\/v2\/comments?post=135"}],"version-history":[{"count":0,"href":"https:\/\/wernerdeck.de\/blog\/wp-json\/wp\/v2\/pages\/135\/revisions"}],"wp:attachment":[{"href":"https:\/\/wernerdeck.de\/blog\/wp-json\/wp\/v2\/media?parent=135"}],"curies":[{"name":"wp","href":"https:\/\/api.w.org\/{rel}","templated":true}]}}